{"id":3,"date":"2021-06-14T21:02:14","date_gmt":"2021-06-15T02:02:14","guid":{"rendered":"https:\/\/inc.g2i.com.co\/?page_id=3"},"modified":"2021-09-19T20:11:56","modified_gmt":"2021-09-20T01:11:56","slug":"politica-privacidad","status":"publish","type":"page","link":"https:\/\/inc.g2i.com.co\/index.php\/politica-privacidad\/","title":{"rendered":"Pol\u00edtica de privacidad"},"content":{"rendered":"\n<h2 class=\"wp-block-heading\">Qui\u00e9nes somos<\/h2>\n\n\n\n<p class=\"has-text-align-left\">Grupo de Ingenier\u00eda e Inversiones S.A.S, con siglas G2i S.A.S, nace en el a\u00f1o 2014 con el objetivo de&nbsp;desarrollar proyectos y obras de Ingenier\u00eda, adem\u00e1s de efectuar y gestionar inversiones en diferentes proyectos propios y de otras compa\u00f1\u00edas que requieran apalancamiento.<\/p>\n\n\n\n<p>Nuestra direcci\u00f3n de sitio web es: https:\/\/inc.g2i.com.co.<\/p>\n\n\n\n<h2 class=\"wp-block-heading\">Cookies<\/h2>\n\n\n\n<p>Si deja un comentario en nuestro sitio, puedes optar por guardar tu nombre, direcci\u00f3n de correo electr\u00f3nico y sitio web en cookies. Estos es para tu comodidad y no tengas que volver a rellenar tus datos cuando dejes otro comentario. Estas cookies tendr\u00e1n un a\u00f1o de duraci\u00f3n.<\/p>\n\n\n\n<p>Si visitas nuestra p\u00e1gina de Acceso, se instalar\u00e1 una cookie temporal para determinar si tu navegador acepta cookies. Esta cookie no contiene datos personales y se elimina al cerrar el navegador.<\/p>\n\n\n\n<p>Cuando inicies sesi\u00f3n, se instalar\u00e1n varias cookies para guardar tu informaci\u00f3n de acceso y opciones de visualizaci\u00f3n de pantalla. Las cookies de acceso permanecer\u00e1n por dos d\u00edas y las cookies de opciones de pantalla se guardar\u00e1n por un a\u00f1o. Si seleccionas \u00abRecu\u00e9rdarme\u00bb en tu inicio de sesi\u00f3n, estas se guardar\u00e1n por dos semanas. Si cierra la sesi\u00f3n de tu cuenta, las cookies de acceso se eliminar\u00e1n.<\/p>\n\n\n\n<p>Si editas o publicas un art\u00edculo se guardar\u00e1 una cookie adicional en tu navegador. Esta cookie no incluye datos personales y simplemente indica el ID del art\u00edculo que acabas de editar. Caduca despu\u00e9s de 1 d\u00eda.<\/p>\n\n\n\n<h2 class=\"wp-block-heading\">Contenido incrustado de otros sitios web<\/h2>\n\n\n\n<p>Los art\u00edculos de este sitio pueden incluir contenido incrustado (por ejemplo, v\u00eddeos, im\u00e1genes, art\u00edculos, etc.). El contenido incrustado de otras webs se comporta exactamente de la misma manera que si el visitante hubiera visitado la otra web.<\/p>\n\n\n\n<p>Estas web pueden recopilar datos sobre ti, utilizar cookies, incrustar un seguimiento adicional de terceros, y supervisar tu interacci\u00f3n con ese contenido incrustado, incluido el seguimiento de tu interacci\u00f3n con el contenido incrustado si tienes una cuenta y est\u00e1s conectado a esa web.<\/p>\n\n\n\n<h2 class=\"wp-block-heading\">Cu\u00e1nto tiempo conservamos tus datos<\/h2>\n\n\n\n<p>Si dejas un comentario, el comentario y sus metadatos se conservan indefinidamente. Esto es para que podamos reconocer y aprobar autom\u00e1ticamente cualquier comentario de seguimiento en lugar de mantenerlos en una cola de moderaci\u00f3n.<\/p>\n\n\n\n<p>Para los usuarios que se registren en nuestro sitio web (si los hay), se almacenar\u00e1n todos sus datos de informaci\u00f3n personal que proporcionen. Cualquier usuario puede ver, editar o eliminar su informaci\u00f3n personal cuando lo desee (a excepci\u00f3n del nombre de usuario que no se puede editar). Los administradores de sitios web, tambi\u00e9n pueden ver y editar dicha informaci\u00f3n. <\/p>\n\n\n\n<h2 class=\"wp-block-heading\">Qu\u00e9 derechos tienes sobre tus datos<\/h2>\n\n\n\n<p>Si tienes una cuenta en este sitio, o ha dejado comentarios, puedes solicitar la exportaci\u00f3n de un archivo con tus datos personales recopilados, incluyendo cualquier otro dato que nos haya proporcionado. Tambi\u00e9n puede solicitar la eliminaci\u00f3n de cualquier dato personal que guardemos sobre ti. Esto no incluye los datos que estamos obligados a consevar para fines administrativos, legales o de seguridad.<\/p>\n\n\n\n<h2 class=\"wp-block-heading\">D\u00f3nde enviamos tus datos<\/h2>\n\n\n\n<p>Puede que los comentarios de los visitantes sean validados por un servicio autom\u00e1tico de detecci\u00f3n de spam. Si deseas que elimines tus datos de nuestro sitio web puedes enviar un correo a contacto@g2i.com.co con el asunto &#8220;Eliminaci\u00f3n de datos&#8221;.<\/p>\n","protected":false},"excerpt":{"rendered":"<p>Qui\u00e9nes somos Grupo de Ingenier\u00eda e Inversiones S.A.S, con siglas G2i S.A.S, nace en el a\u00f1o 2014 con el objetivo &hellip; <\/p>\n","protected":false},"author":1,"featured_media":0,"parent":0,"menu_order":0,"comment_status":"closed","ping_status":"open","template":"elementor_header_footer","meta":{"footnotes":""},"class_list":["post-3","page","type-page","status-publish","hentry"],"_links":{"self":[{"href":"https:\/\/inc.g2i.com.co\/index.php\/wp-json\/wp\/v2\/pages\/3","targetHints":{"allow":["GET"]}}],"collection":[{"href":"https:\/\/inc.g2i.com.co\/index.php\/wp-json\/wp\/v2\/pages"}],"about":[{"href":"https:\/\/inc.g2i.com.co\/index.php\/wp-json\/wp\/v2\/types\/page"}],"author":[{"embeddable":true,"href":"https:\/\/inc.g2i.com.co\/index.php\/wp-json\/wp\/v2\/users\/1"}],"replies":[{"embeddable":true,"href":"https:\/\/inc.g2i.com.co\/index.php\/wp-json\/wp\/v2\/comments?post=3"}],"version-history":[{"count":3,"href":"https:\/\/inc.g2i.com.co\/index.php\/wp-json\/wp\/v2\/pages\/3\/revisions"}],"predecessor-version":[{"id":1030,"href":"https:\/\/inc.g2i.com.co\/index.php\/wp-json\/wp\/v2\/pages\/3\/revisions\/1030"}],"wp:attachment":[{"href":"https:\/\/inc.g2i.com.co\/index.php\/wp-json\/wp\/v2\/media?parent=3"}],"curies":[{"name":"wp","href":"https:\/\/api.w.org\/{rel}","templated":true}]}}